{"id":4889,"date":"2020-05-08T15:29:11","date_gmt":"2020-05-08T13:29:11","guid":{"rendered":"https:\/\/www.vedomed.nl.gpotoday.nl\/product\/import-placeholder-for-17614\/"},"modified":"2021-01-19T10:40:41","modified_gmt":"2021-01-19T09:40:41","slug":"patienten-oproepsysteem-all-in-one-met-15-pagers","status":"publish","type":"product","link":"https:\/\/www.vedomed.nl.gpotoday.nl\/?product=patienten-oproepsysteem-all-in-one-met-15-pagers","title":{"rendered":"Pati\u00ebnten oproepsysteem all-in-one met 15 pagers"},"content":{"rendered":"<p>[vc_row content_placement=&#8221;top&#8221;][vc_column width=&#8221;2\/3&#8243; css=&#8221;.vc_custom_1529494690206{margin-right: 5vh !important;}&#8221;][vc_column_text text_larger=&#8221;no&#8221;]<\/p>\n<h2>Hoe werkt het zorg pati\u00ebnten oproepsysteem?<\/h2>\n<p>Uw pati\u00ebnten ontvangen na het melden bij de assistent een pager die trilt wanneer een pati\u00ebnt (bijna) aan de beurt is en op de pager verschijnt het nummer van de balie waar de pati\u00ebnt zich mag melden. De pati\u00ebnt kan dus rustig een kopje koffie drinken, een rondje lopen of een frisse neus halen.<\/p>\n<p>Met ons pati\u00ebnten oproepsysteem zorgen we voor een optimale pati\u00ebntenlogistiek binnen het ziekenhuis of de zorginstelling. U kunt planmatig werken en op deze manier achterstanden snel inhalen wanneer de afspraken uitlopen. Bovendien verandert u met het pati\u00ebnten oproepsysteem voor de zorg de complete wachtbeleving.<\/p>\n<h2>Voor elke klant een passend systeem?<\/h2>\n<p>Het aanbod pati\u00ebnten oproepsystemen is nergens zo groot als bij VeDoSign. Voor elke klant hebben wij een passend oproepsysteem. Maak uw selectie op basis van uw toepassing en budget. Voor kleinere locaties met een laag volume bieden wij een systeem met een bedienpost dat daar het beste bij past. Voor grotere locaties met een hoog gebruik bieden wij pakketten met grotere bedienposten. Dit ziet u tevens terug in de prijs. De pagers zijn in alle pakketten gelijk.<\/p>\n<h4>All in One transmitter &#8211; laadstation (IQ pager)<\/h4>\n<p>De All in One unit heeft de transmitter en opladers in \u00e9\u00e9n toestel. De transmitter is voorzien van alle functies. U kunt met het set-up menu snel al uw persoonlijke instellingen wijzigen. Duidelijke en eenvoudige bediening om de coasters op te roepen. U kunt de transmitter op de counter neerzetten of ophangen, De transmitter wordt op het netstroom aangesloten en werkt meteen na ontvangst. Met dit systeem kunt u tot 15 IQ Pagers aansturen. Denkt u meer pagers nodig te hebben, neem dan contact met ons op. Een losse oplader voor meer pagers is leverbaar.<\/p>\n<h4>IQ-4 dock pager<\/h4>\n<p>Een handzame pager met het formaat van een mobiele telefoon, spatwaterdicht en hufterproof. Standaard worden de IQ pagers geprogrammeerd met 60 seconden tril-, geluid en lichtfunctie. De IQ pager werkt met een oplaadbare accu welke een levensduur heeft van 3 tot 5 jaar. De voorzijde van de pager is voorzien van een transparant venster waarachter u een logo of instructiekaartje kunt plaatsen. Op dit kaartje verwijst u naar het nummer wat in het display verschijnt als de pager afgaat. Dit nummer is het bijvoorbeeld het balie nummer waar de pati\u00ebnten zich mogen melden.<\/p>\n<h4>Logo of instructiekaartje op de IQ Pager<\/h4>\n<p>De IQ pager is uitstekend geschikt voor een instructiekaartje of reclamedrager waarop uw logo kan worden afgebeeld. Wij verzorgen graag voor u het ontwerp en het drukwerk.[\/vc_column_text][vc_column_text text_larger=&#8221;no&#8221;]<\/p>\n<h4>Voordelen:<\/h4>\n<p>[\/vc_column_text][vc_row_inner][vc_column_inner width=&#8221;1\/2&#8243;]\n\t\t<div class=\"woodmart-list color-scheme-dark woodmart-text-size-medium woodmart-list-type-icon woodmart-list-style-rounded woodmart-list-shape-icon \" id=\"wd-5e7ca73669b98\">\n\t\t\t<ul>\n\t\t\t\t\t\t\t\t\t\t\t\t\t\t<li>\n\t\t\t\t\t\t\t\t\t\t\t\t\t<div class=\"list-icon fa fa-check-circle\"><\/div>\n\t\t\t\t\t\t\t\t\t\t\t\t<span class=\"list-content\">De arts bepaalt in welke volgorde de pati\u00ebnten mogen komen zodat er effici\u00ebnt gewerkt kan worden.\n<\/span>\n\t\t\t\t\t<\/li>\n\t\t\t\t\t\t\t\t\t\t\t\t\t\t<li>\n\t\t\t\t\t\t\t\t\t\t\t\t\t<div class=\"list-icon fa fa-check-circle\"><\/div>\n\t\t\t\t\t\t\t\t\t\t\t\t<span class=\"list-content\">De pager geeft een duidelijk signaal, ook geschikt voor slechtziende of slechthorende pati\u00ebnten en gasten.\n\n<\/span>\n\t\t\t\t\t<\/li>\n\t\t\t\t\t\t\t\t\t\t\t\t\t\t<li>\n\t\t\t\t\t\t\t\t\t\t\t\t\t<div class=\"list-icon fa fa-check-circle\"><\/div>\n\t\t\t\t\t\t\t\t\t\t\t\t<span class=\"list-content\">Het oproepsysteem is prima te koppelen aan uw eigen netwerk en systemen.<\/span>\n\t\t\t\t\t<\/li>\n\t\t\t\t\t\t\t<\/ul>\n\t\t\t\t\t<\/div>\n\t\t\n\t\t[\/vc_column_inner][vc_column_inner width=&#8221;1\/2&#8243;]\n\t\t<div class=\"woodmart-list color-scheme-dark woodmart-text-size-medium woodmart-list-type-icon woodmart-list-style-rounded woodmart-list-shape-icon \" id=\"wd-5e7ca769c2ea3\">\n\t\t\t<ul>\n\t\t\t\t\t\t\t\t\t\t\t\t\t\t<li>\n\t\t\t\t\t\t\t\t\t\t\t\t\t<div class=\"list-icon fa fa-check-circle\"><\/div>\n\t\t\t\t\t\t\t\t\t\t\t\t<span class=\"list-content\">Geen onnodige stress, spanning en ergernis meer tijdens het wachten.\n<\/span>\n\t\t\t\t\t<\/li>\n\t\t\t\t\t\t\t\t\t\t\t\t\t\t<li>\n\t\t\t\t\t\t\t\t\t\t\t\t\t<div class=\"list-icon fa fa-check-circle\"><\/div>\n\t\t\t\t\t\t\t\t\t\t\t\t<span class=\"list-content\">Lagere werkdruk voor het personeel omdat ze zich niet opgejaagd voelen door ontevreden pati\u00ebnten in de wachtkamer.<\/span>\n\t\t\t\t\t<\/li>\n\t\t\t\t\t\t\t<\/ul>\n\t\t\t\t\t<\/div>\n\t\t\n\t\t[\/vc_column_inner][\/vc_row_inner][vc_btn title=&#8221;Voor het juiste advies bel 035 543 07 38&#8243; shape=&#8221;square&#8221; color=&#8221;danger&#8221; i_icon_fontawesome=&#8221;fa fa-phone&#8221; add_icon=&#8221;true&#8221; link=&#8221;url:tel%3A%20%2B31%2035%20543%2007%2038|||&#8221;][\/vc_column][vc_column width=&#8221;1\/3&#8243; css=&#8221;.vc_custom_1530608899926{padding-top: 0px !important;}&#8221;][vc_column_text][\/vc_column_text][\/vc_column][\/vc_row][vc_row full_width=&#8221;stretch_row_content_no_spaces&#8221; mobile_bg_img_hidden=&#8221;no&#8221; woodmart_parallax=&#8221;0&#8243; woodmart_gradient_switch=&#8221;no&#8221; row_reverse_mobile=&#8221;0&#8243; row_reverse_tablet=&#8221;0&#8243; woodmart_disable_overflow=&#8221;0&#8243;][vc_column][vc_text_separator title=&#8221;Referenties&#8221;][vc_column_text text_larger=&#8221;no&#8221;]<\/p>\n<h2 style=\"text-align: center;\"><strong>Enkele klanten die gebruikmaken van onze systemen<\/strong><\/h2>\n<p style=\"text-align: center;\">Op de\u00a0pagina <a href=\"\/klanten-vedomed\/\">onze klanten<\/a>\u00a0van deze website krijgt u een overzicht.\u00a0Wij hopen ook u te mogen verwelkomen als klant!<\/p>\n<p>[\/vc_column_text]<div class=\"lshowcase-clear-both\">&nbsp;<\/div><div class=\"lshowcase-logos \"><div style='display:none;' class='lshowcase-wrap-carousel-0' ><div data-entry-id=\"4932\" class=\"lshowcase-slide lshowcase-horizontal-slide lshowcase-thumb lshowcase-boxhighlight\"><img data-no-lazy='1' data-original-title='Streekziekenhuis Koningin Beatrix klanten VeDoMed' data-entry-id='4932' src='https:\/\/www.vedomed.nl.gpotoday.nl\/wp-content\/uploads\/2020\/05\/Streekziekenhuis-Koningin-Beatrix-200x113.png'  width='200'  height = '113'  alt='Streekziekenhuis Koningin Beatrix klanten VeDoMed' title='' class='lshowcase-thumb'  \/><\/div><div data-entry-id=\"4952\" class=\"lshowcase-slide lshowcase-horizontal-slide lshowcase-thumb lshowcase-boxhighlight\"><img data-no-lazy='1' data-original-title='Benedenti Groep Tandartsen Tandheelkunde Logo Klanten VeDoMed' data-entry-id='4952' src='https:\/\/www.vedomed.nl.gpotoday.nl\/wp-content\/uploads\/2020\/05\/Benedenti-groep-Tandartsen-tandheelkunde-logo-klanten-vedosign-200x113.png'  width='200'  height = '113'  alt='Benedenti Groep Tandartsen Tandheelkunde Logo Klanten VeDoMed' title='' class='lshowcase-thumb'  \/><\/div><div data-entry-id=\"4953\" class=\"lshowcase-slide lshowcase-horizontal-slide lshowcase-thumb lshowcase-boxhighlight\"><img data-no-lazy='1' data-original-title='Bernhoven Ziekenhuis Logo Klanten VeDoMed' data-entry-id='4953' src='https:\/\/www.vedomed.nl.gpotoday.nl\/wp-content\/uploads\/2020\/05\/Bernhoven-ziekenhuis-logo-klanten-vedosign-200x113.png'  width='200'  height = '113'  alt='Bernhoven Ziekenhuis Logo Klanten VeDoMed' title='' class='lshowcase-thumb'  \/><\/div><div data-entry-id=\"4954\" class=\"lshowcase-slide lshowcase-horizontal-slide lshowcase-thumb lshowcase-boxhighlight\"><img data-no-lazy='1' data-original-title='Dentconnect Tandheelkundige Zorg Logo Klanten VeDoMed' data-entry-id='4954' src='https:\/\/www.vedomed.nl.gpotoday.nl\/wp-content\/uploads\/2020\/05\/Dentconnect-_-Tandheelkundige-Zorg-logo-klanten-vedosign-200x113.png'  width='200'  height = '113'  alt='Dentconnect Tandheelkundige Zorg Logo Klanten VeDoMed' title='' class='lshowcase-thumb'  \/><\/div><div data-entry-id=\"4955\" class=\"lshowcase-slide lshowcase-horizontal-slide lshowcase-thumb lshowcase-boxhighlight\"><img data-no-lazy='1' data-original-title='Dentius Bredene Tandartspraktijk Logo Klanten VeDoMed' data-entry-id='4955' src='https:\/\/www.vedomed.nl.gpotoday.nl\/wp-content\/uploads\/2020\/05\/Dentius-Bredene-tandartspraktijk-logo-klanten-vedosign-200x113.png'  width='200'  height = '113'  alt='Dentius Bredene Tandartspraktijk Logo Klanten VeDoMed' title='' class='lshowcase-thumb'  \/><\/div><div data-entry-id=\"4956\" class=\"lshowcase-slide lshowcase-horizontal-slide lshowcase-thumb lshowcase-boxhighlight\"><img data-no-lazy='1' data-original-title='Dentopolis Tandartsenpraktijk Kortenberg Logo Klanten VeDoMed' data-entry-id='4956' src='https:\/\/www.vedomed.nl.gpotoday.nl\/wp-content\/uploads\/2020\/05\/Dentopolis-tandartsenpraktijk-kortenberg-logo-klanten-vedosign-200x113.png'  width='200'  height = '113'  alt='Dentopolis Tandartsenpraktijk Kortenberg Logo Klanten VeDoMed' title='' class='lshowcase-thumb'  \/><\/div><div data-entry-id=\"4957\" class=\"lshowcase-slide lshowcase-horizontal-slide lshowcase-thumb lshowcase-boxhighlight\"><img data-no-lazy='1' data-original-title='Dijklander Ziekenhuis Klanten VeDoMed' data-entry-id='4957' src='https:\/\/www.vedomed.nl.gpotoday.nl\/wp-content\/uploads\/2020\/05\/Dijklander-ziekenhuis-klanten-vedosign-200x113.png'  width='200'  height = '113'  alt='Dijklander Ziekenhuis Klanten VeDoMed' title='' class='lshowcase-thumb'  \/><\/div><div data-entry-id=\"4958\" class=\"lshowcase-slide lshowcase-horizontal-slide lshowcase-thumb lshowcase-boxhighlight\"><img data-no-lazy='1' data-original-title='Erasmus MC Ziekenhuis klanten VeDoMed' data-entry-id='4958' src='https:\/\/www.vedomed.nl.gpotoday.nl\/wp-content\/uploads\/2020\/05\/Erasmus-MC-ziekenhuis-ziekenhuis-klanten-vedosign-200x113.png'  width='200'  height = '113'  alt='Erasmus MC Ziekenhuis klanten VeDoMed' title='' class='lshowcase-thumb'  \/><\/div><div data-entry-id=\"4959\" class=\"lshowcase-slide lshowcase-horizontal-slide lshowcase-thumb lshowcase-boxhighlight\"><img data-no-lazy='1' data-original-title='Franciscus Gasthuis &#038; Vlietland Ziekenhuis Klanten VeDoMed' data-entry-id='4959' src='https:\/\/www.vedomed.nl.gpotoday.nl\/wp-content\/uploads\/2020\/05\/Franciscus-Gasthuis-Vlietland-ziekenhuis-klanten-vedosign-200x113.png'  width='200'  height = '113'  alt='Franciscus Gasthuis &#038; Vlietland Ziekenhuis Klanten VeDoMed' title='' class='lshowcase-thumb'  \/><\/div><div data-entry-id=\"4960\" class=\"lshowcase-slide lshowcase-horizontal-slide lshowcase-thumb lshowcase-boxhighlight\"><img data-no-lazy='1' data-original-title='Groene Hart Ziekenhuis Logo Klanten Vedosign' data-entry-id='4960' src='https:\/\/www.vedomed.nl.gpotoday.nl\/wp-content\/uploads\/2020\/05\/Groene-Hart-ziekenhuis-logo-klanten-vedosign-200x113.png'  width='200'  height = '113'  alt='Groene Hart Ziekenhuis Logo Klanten Vedosign' title='' class='lshowcase-thumb'  \/><\/div><div data-entry-id=\"4961\" class=\"lshowcase-slide lshowcase-horizontal-slide lshowcase-thumb lshowcase-boxhighlight\"><img data-no-lazy='1' data-original-title='Isala Ziekenhuis Logo Klanten VeDoMed' data-entry-id='4961' src='https:\/\/www.vedomed.nl.gpotoday.nl\/wp-content\/uploads\/2020\/05\/Isala-ziekenhuis-logo-klanten-vedosign-200x113.png'  width='200'  height = '113'  alt='Isala Ziekenhuis Logo Klanten VeDoMed' title='' class='lshowcase-thumb'  \/><\/div><div data-entry-id=\"4962\" class=\"lshowcase-slide lshowcase-horizontal-slide lshowcase-thumb lshowcase-boxhighlight\"><img data-no-lazy='1' data-original-title='KU Leuven Logo Klanten VeDoMed' data-entry-id='4962' src='https:\/\/www.vedomed.nl.gpotoday.nl\/wp-content\/uploads\/2020\/05\/KU-Leuven-logo-klanten-vedosign-200x113.png'  width='200'  height = '113'  alt='KU Leuven Logo Klanten VeDoMed' title='' class='lshowcase-thumb'  \/><\/div><div data-entry-id=\"4963\" class=\"lshowcase-slide lshowcase-horizontal-slide lshowcase-thumb lshowcase-boxhighlight\"><img data-no-lazy='1' data-original-title='LangLand Ziekenhuis Logo Klanten VeDoMed' data-entry-id='4963' src='https:\/\/www.vedomed.nl.gpotoday.nl\/wp-content\/uploads\/2020\/05\/LangLand-ziekenhuis-logo-klanten-vedosign-200x113.png'  width='200'  height = '113'  alt='LangLand Ziekenhuis Logo Klanten VeDoMed' title='' class='lshowcase-thumb'  \/><\/div><div data-entry-id=\"4964\" class=\"lshowcase-slide lshowcase-horizontal-slide lshowcase-thumb lshowcase-boxhighlight\"><img data-no-lazy='1' data-original-title='Martini Ziekenhuis Groningen Logo Klanten VeDoMed' data-entry-id='4964' src='https:\/\/www.vedomed.nl.gpotoday.nl\/wp-content\/uploads\/2020\/05\/Martini-Ziekenhuis-Groningen-logo-klanten-vedosign-200x113.png'  width='200'  height = '113'  alt='Martini Ziekenhuis Groningen Logo Klanten VeDoMed' title='' class='lshowcase-thumb'  \/><\/div><div data-entry-id=\"4965\" class=\"lshowcase-slide lshowcase-horizontal-slide lshowcase-thumb lshowcase-boxhighlight\"><img data-no-lazy='1' data-original-title='Mosae Zorggroep Logo Klanten VeDoMed' data-entry-id='4965' src='https:\/\/www.vedomed.nl.gpotoday.nl\/wp-content\/uploads\/2020\/05\/Mosae-zorggroep-logo-klanten-vedosign-200x113.png'  width='200'  height = '113'  alt='Mosae Zorggroep Logo Klanten VeDoMed' title='' class='lshowcase-thumb'  \/><\/div><div data-entry-id=\"4966\" class=\"lshowcase-slide lshowcase-horizontal-slide lshowcase-thumb lshowcase-boxhighlight\"><img data-no-lazy='1' data-original-title='OLVG Ziekenhuis Logo Klanten VeDoMed' data-entry-id='4966' src='https:\/\/www.vedomed.nl.gpotoday.nl\/wp-content\/uploads\/2020\/05\/OLVG-ziekenhuis-logo-klanten-vedosign-200x113.png'  width='200'  height = '113'  alt='OLVG Ziekenhuis Logo Klanten VeDoMed' title='' class='lshowcase-thumb'  \/><\/div><div data-entry-id=\"4967\" class=\"lshowcase-slide lshowcase-horizontal-slide lshowcase-thumb lshowcase-boxhighlight\"><img data-no-lazy='1' data-original-title='Oogziekenhuis Zonnestraal Oogheelkunde Logo Klanten VeDoMed' data-entry-id='4967' src='https:\/\/www.vedomed.nl.gpotoday.nl\/wp-content\/uploads\/2020\/05\/Oogziekenhuis-Zonnestraal-Oogheelkunde-logo-klanten-vedosign-200x113.png'  width='200'  height = '113'  alt='Oogziekenhuis Zonnestraal Oogheelkunde Logo Klanten VeDoMed' title='' class='lshowcase-thumb'  \/><\/div><div data-entry-id=\"4968\" class=\"lshowcase-slide lshowcase-horizontal-slide lshowcase-thumb lshowcase-boxhighlight\"><img data-no-lazy='1' data-original-title='Reinier De Graaf Ziekenhuis Logo Klanten VeDoMed' data-entry-id='4968' src='https:\/\/www.vedomed.nl.gpotoday.nl\/wp-content\/uploads\/2020\/05\/Reinier-de-Graaf-Ziekenhuis-logo-klanten-vedosign-200x113.png'  width='200'  height = '113'  alt='Reinier De Graaf Ziekenhuis Logo Klanten VeDoMed' title='' class='lshowcase-thumb'  \/><\/div><div data-entry-id=\"4969\" class=\"lshowcase-slide lshowcase-horizontal-slide lshowcase-thumb lshowcase-boxhighlight\"><img data-no-lazy='1' data-original-title='Rijnstate Ziekenhuis Klanten VeDoMed' data-entry-id='4969' src='https:\/\/www.vedomed.nl.gpotoday.nl\/wp-content\/uploads\/2020\/05\/Rijnstate-ziekenhuis-klanten-vedosign-200x113.png'  width='200'  height = '113'  alt='Rijnstate Ziekenhuis Klanten VeDoMed' title='' class='lshowcase-thumb'  \/><\/div><div data-entry-id=\"4970\" class=\"lshowcase-slide lshowcase-horizontal-slide lshowcase-thumb lshowcase-boxhighlight\"><img data-no-lazy='1' data-original-title='Spaarne Gasthuis Ziekenhuis Klanten VeDoMed' data-entry-id='4970' src='https:\/\/www.vedomed.nl.gpotoday.nl\/wp-content\/uploads\/2020\/05\/Spaarne-Gasthuis-ziekenhuis-klanten-vedosign-200x113.png'  width='200'  height = '113'  alt='Spaarne Gasthuis Ziekenhuis Klanten VeDoMed' title='' class='lshowcase-thumb'  \/><\/div><div data-entry-id=\"4971\" class=\"lshowcase-slide lshowcase-horizontal-slide lshowcase-thumb lshowcase-boxhighlight\"><img data-no-lazy='1' data-original-title='Tandarts Hasselt All Dent Logo Klanten VeDoMed' data-entry-id='4971' src='https:\/\/www.vedomed.nl.gpotoday.nl\/wp-content\/uploads\/2020\/05\/Tandarts-Hasselt-All-Dent-logo-klanten-vedosign-200x113.png'  width='200'  height = '113'  alt='Tandarts Hasselt All Dent Logo Klanten VeDoMed' title='' class='lshowcase-thumb'  \/><\/div><div data-entry-id=\"4972\" class=\"lshowcase-slide lshowcase-horizontal-slide lshowcase-thumb lshowcase-boxhighlight\"><img data-no-lazy='1' data-original-title='Tandartsen Artedenti Isabelle Lenssen &#038; Christophe Jacobs Logo Klanten VeDoMed' data-entry-id='4972' src='https:\/\/www.vedomed.nl.gpotoday.nl\/wp-content\/uploads\/2020\/05\/Tandartsen-Artedenti-Isabelle-Lenssen-Christophe-Jacobs-logo-klanten-vedosign-200x113.png'  width='200'  height = '113'  alt='Tandartsen Artedenti Isabelle Lenssen &#038; Christophe Jacobs Logo Klanten VeDoMed' title='' class='lshowcase-thumb'  \/><\/div><div data-entry-id=\"4973\" class=\"lshowcase-slide lshowcase-horizontal-slide lshowcase-thumb lshowcase-boxhighlight\"><img data-no-lazy='1' data-original-title='Tandartsenpraktijk De Witte Logo Klanten VeDoMed' data-entry-id='4973' src='https:\/\/www.vedomed.nl.gpotoday.nl\/wp-content\/uploads\/2020\/05\/Tandartsenpraktijk-De-Witte-logo-klanten-vedosign-200x113.png'  width='200'  height = '113'  alt='Tandartsenpraktijk De Witte Logo Klanten VeDoMed' title='' class='lshowcase-thumb'  \/><\/div><div data-entry-id=\"4974\" class=\"lshowcase-slide lshowcase-horizontal-slide lshowcase-thumb lshowcase-boxhighlight\"><img data-no-lazy='1' data-original-title='Tandartspraktijk Hofland Logo Klanten VeDoMed' data-entry-id='4974' src='https:\/\/www.vedomed.nl.gpotoday.nl\/wp-content\/uploads\/2020\/05\/Tandartspraktijk-Hofland-logo-klanten-vedosign-200x113.png'  width='200'  height = '113'  alt='Tandartspraktijk Hofland Logo Klanten VeDoMed' title='' class='lshowcase-thumb'  \/><\/div><div data-entry-id=\"4975\" class=\"lshowcase-slide lshowcase-horizontal-slide lshowcase-thumb lshowcase-boxhighlight\"><img data-no-lazy='1' data-original-title='UMC Amsterdam Ziekenhuis Klanten VeDoMed' data-entry-id='4975' src='https:\/\/www.vedomed.nl.gpotoday.nl\/wp-content\/uploads\/2020\/05\/UMC-Amsterdam-ziekenhuis-klanten-vedosign-200x113.jpg'  width='200'  height = '113'  alt='UMC Amsterdam Ziekenhuis Klanten VeDoMed' title='' class='lshowcase-thumb'  \/><\/div><div data-entry-id=\"4976\" class=\"lshowcase-slide lshowcase-horizontal-slide lshowcase-thumb lshowcase-boxhighlight\"><img data-no-lazy='1' data-original-title='VieCuri Medisch Centrum Ziekenhuis Klanten VeDoMed' data-entry-id='4976' src='https:\/\/www.vedomed.nl.gpotoday.nl\/wp-content\/uploads\/2020\/05\/VieCuri-Medisch-Centrum-ziekenhuis-klanten-vedosign-200x113.png'  width='200'  height = '113'  alt='VieCuri Medisch Centrum Ziekenhuis Klanten VeDoMed' title='' class='lshowcase-thumb'  \/><\/div><div data-entry-id=\"4977\" class=\"lshowcase-slide lshowcase-horizontal-slide lshowcase-thumb lshowcase-boxhighlight\"><img data-no-lazy='1' data-original-title='Wilhelmina Ziekenhuis Assen Logo Klanten VeDoMed' data-entry-id='4977' src='https:\/\/www.vedomed.nl.gpotoday.nl\/wp-content\/uploads\/2020\/05\/Wilhelmina-Ziekenhuis-Assen-logo-klanten-vedosign-200x113.png'  width='200'  height = '113'  alt='Wilhelmina Ziekenhuis Assen Logo Klanten VeDoMed' title='' class='lshowcase-thumb'  \/><\/div><div data-entry-id=\"4978\" class=\"lshowcase-slide lshowcase-horizontal-slide lshowcase-thumb lshowcase-boxhighlight\"><img data-no-lazy='1' data-original-title='WKZ Wilhelmina Kinderziekenhuis Utrecht Logo Klanten VeDoMed' data-entry-id='4978' src='https:\/\/www.vedomed.nl.gpotoday.nl\/wp-content\/uploads\/2020\/05\/WKZ-Wilhelmina-Kinderziekenhuis-Utrecht-logo-klanten-vedosign-200x113.png'  width='200'  height = '113'  alt='WKZ Wilhelmina Kinderziekenhuis Utrecht Logo Klanten VeDoMed' title='' class='lshowcase-thumb'  \/><\/div><div data-entry-id=\"4979\" class=\"lshowcase-slide lshowcase-horizontal-slide lshowcase-thumb lshowcase-boxhighlight\"><img data-no-lazy='1' data-original-title='Ziekenhuis Groep Twente ZGT Logo Klanten VeDoMed' data-entry-id='4979' src='https:\/\/www.vedomed.nl.gpotoday.nl\/wp-content\/uploads\/2020\/05\/Ziekenhuis-Groep-Twente-ZGT-logo-klanten-vedosign-200x113.png'  width='200'  height = '113'  alt='Ziekenhuis Groep Twente ZGT Logo Klanten VeDoMed' title='' class='lshowcase-thumb'  \/><\/div><div data-entry-id=\"4980\" class=\"lshowcase-slide lshowcase-horizontal-slide lshowcase-thumb lshowcase-boxhighlight\"><img data-no-lazy='1' data-original-title='Ziekenhuis St Jansdal Logo Klanten VeDoMed' data-entry-id='4980' src='https:\/\/www.vedomed.nl.gpotoday.nl\/wp-content\/uploads\/2020\/05\/Ziekenhuis-St-Jansdal-logo-klanten-vedosign-200x113.png'  width='200'  height = '113'  alt='Ziekenhuis St Jansdal Logo Klanten VeDoMed' title='' class='lshowcase-thumb'  \/><\/div><div data-entry-id=\"5250\" class=\"lshowcase-slide lshowcase-horizontal-slide lshowcase-thumb lshowcase-boxhighlight\"><img data-no-lazy='1' data-original-title='Prinses Maxima Centrum Kinderoncologie' data-entry-id='5250' src='https:\/\/www.vedomed.nl.gpotoday.nl\/wp-content\/uploads\/2020\/10\/Prinses-Maxima-Centrum-Kinderoncologie-logo-klanten-VeDoSign-200x113.jpg'  width='200'  height = '113'  alt='Prinses Maxima Centrum Kinderoncologie' title='' class='lshowcase-thumb'  \/><\/div><div data-entry-id=\"5254\" class=\"lshowcase-slide lshowcase-horizontal-slide lshowcase-thumb lshowcase-boxhighlight\"><img data-no-lazy='1' data-original-title='Smilecenter &#8211; tandartsenpraktijk' data-entry-id='5254' src='https:\/\/www.vedomed.nl.gpotoday.nl\/wp-content\/uploads\/2020\/10\/Smilecenter-tandartsenpraktijk-Nijlen-logo-klanten-VeDoSign-200x113.jpg'  width='200'  height = '113'  alt='Smilecenter &#8211; tandartsenpraktijk' title='' class='lshowcase-thumb'  \/><\/div><div data-entry-id=\"5256\" class=\"lshowcase-slide lshowcase-horizontal-slide lshowcase-thumb lshowcase-boxhighlight\"><img data-no-lazy='1' data-original-title='Alexia kliniek Tandartspraktijk' data-entry-id='5256' src='https:\/\/www.vedomed.nl.gpotoday.nl\/wp-content\/uploads\/2020\/10\/Alexiakliniek-Tandartspraktijk-Echt-Weert-Roermond-200x113.jpg'  width='200'  height = '113'  alt='Alexia kliniek Tandartspraktijk' title='' class='lshowcase-thumb'  \/><\/div><\/div><\/div><div class=\"lshowcase-clear-both\">&nbsp;<\/div>[\/vc_column][\/vc_row]<\/p>\n","protected":false},"excerpt":{"rendered":"<p>Compleet Pati\u00ebnten oproepsysteem &#8211; met 15 pagers (buzzers). Het systeem bestaat uit een transmitter 9b, 15 pagers die een licht-, tril- en\/of geluidsignaal kunnen geven en een All-in-One unit (transmitter en oplader in \u00e9\u00e9n toestel). Gemakkelijk de pati\u00ebnten oproepen en\/of naar de juiste balie sturen!<\/p>\n<p>&nbsp;<\/p>\n","protected":false},"featured_media":4906,"comment_status":"open","ping_status":"closed","template":"","meta":[],"product_cat":[81],"product_tag":[],"_links":{"self":[{"href":"https:\/\/www.vedomed.nl.gpotoday.nl\/index.php?rest_route=\/wp\/v2\/product\/4889"}],"collection":[{"href":"https:\/\/www.vedomed.nl.gpotoday.nl\/index.php?rest_route=\/wp\/v2\/product"}],"about":[{"href":"https:\/\/www.vedomed.nl.gpotoday.nl\/index.php?rest_route=\/wp\/v2\/types\/product"}],"replies":[{"embeddable":true,"href":"https:\/\/www.vedomed.nl.gpotoday.nl\/index.php?rest_route=%2Fwp%2Fv2%2Fcomments&post=4889"}],"wp:featuredmedia":[{"embeddable":true,"href":"https:\/\/www.vedomed.nl.gpotoday.nl\/index.php?rest_route=\/wp\/v2\/media\/4906"}],"wp:attachment":[{"href":"https:\/\/www.vedomed.nl.gpotoday.nl\/index.php?rest_route=%2Fwp%2Fv2%2Fmedia&parent=4889"}],"wp:term":[{"taxonomy":"product_cat","embeddable":true,"href":"https:\/\/www.vedomed.nl.gpotoday.nl\/index.php?rest_route=%2Fwp%2Fv2%2Fproduct_cat&post=4889"},{"taxonomy":"product_tag","embeddable":true,"href":"https:\/\/www.vedomed.nl.gpotoday.nl\/index.php?rest_route=%2Fwp%2Fv2%2Fproduct_tag&post=4889"}],"curies":[{"name":"wp","href":"https:\/\/api.w.org\/{rel}","templated":true}]}}