{"id":4757,"date":"2020-05-08T15:28:28","date_gmt":"2020-05-08T13:28:28","guid":{"rendered":"https:\/\/www.vedomed.nl.gpotoday.nl\/product\/import-placeholder-for-13564\/"},"modified":"2020-05-08T15:28:44","modified_gmt":"2020-05-08T13:28:44","slug":"teloptt-m5-4g-mobilofoon","status":"publish","type":"product","link":"https:\/\/www.vedomed.nl.gpotoday.nl\/?product=teloptt-m5-4g-mobilofoon","title":{"rendered":"TeloPTT M5 4G mobilofoon"},"content":{"rendered":"<p>[vc_row content_placement=&#8221;top&#8221;][vc_column width=&#8221;2\/3&#8243; css=&#8221;.vc_custom_1529578725310{margin-right: 5vh !important;}&#8221;][vc_column_text text_larger=&#8221;no&#8221;]<\/p>\n<h2>TeloPTT M5 4G mobilofoon<\/h2>\n<p>De TeloPTT M5 mobilofoon\u00a0 is een 4G Android mobilofoon met een helder 4 inch IPS touchscreen en maakt via GSM, 3G, 4G (LTE) of Wi-Fi contact met de server van TeloPTT. U kunt daardoor deze mobilofoon onderweg gebruiken i.c.m een SIM-kaart van de gewenste provider. Het communicatiesysteem is gebaseerd op IP-technologie en vergunningsvrij. Maak foto&#8217;s en video&#8217;s met de ingebouwde camera en deel deze eenvoudig met uw collega&#8217;s. Ideaal voor vrachtauto&#8217;s en taxi&#8217;s.<\/p>\n<p>De TeloPTT M5 is waterdicht conform IP54, heeft een zeer hoge audiokwaliteit, ondersteunt Android 7.0 en heeft een ingebouwde GPS sensor voor locatie-weergave.<\/p>\n<p>Naast de SIM-kaart met een geldig abonnement heeft u nog een licentie nodig. De mobilofoon gebruikt ongeveer 750MB data per maand.[\/vc_column_text][vc_column_text text_larger=&#8221;no&#8221;]<\/p>\n<h2>Push-to-Talk<\/h2>\n<p>Direct communiceren met \u00e9\u00e9n druk op de knop en binnen \u00e9\u00e9n seconde een verbinding met een groep mensen, dat is Push-to-Talk. Een eigenschap die normaal hoort bij portofoons en mobilofoons die werken op een radiofrequentie. Tegenwoordig kan Push-to-Talk ook over het 3G\/4G netwerk: 4G portofonie (Push to talk Over Cellular genoemd \u2018POC\u2019). 4G Portofonie is een clouddienst van C4IT gekoppeld aan het netwerk van uw mobiele provider. Uw spraakbericht wordt razendsnel omgezet in data en binnen Nederland verstuurd via het mobiele 3G- of 4G-netwerk van uw mobiele provider. Realtime informatie uitwisselen draagt niet alleen bij aan bijvoorbeeld bedrijfs productiviteit en effici\u00ebntie, het vergroot ook de veiligheid van werknemers.<\/p>\n<h2>Werking<\/h2>\n<p>Deze mobilofoon over GSM oplossing bestaat uit een Android toestel in de vorm van een mobilofoon. U heeft daardoor de grote voordelen van een aparte PTT knop, waterdichtheid, robuustheid en de mogelijkheid om oortjes aan te sluiten. De traditionele telefoonfuncties vervallen zodat het niet mogelijk is om per ongeluk de applicatie te sluiten. Dit komt de betrouwbaarheid ten goede.<\/p>\n<h2>GPS-locatie delen via meldkamersoftware<\/h2>\n<p>De Telo mobilofoon is voorzien van een GPS-sensor en noodknop waardoor het mogelijk is om uw locatie te delen en een noodalarm te versturen. Wanneer een organisatie meerdere voertuigen op de weg heeft, kan het handig zijn om de 4G Telo portofoons en mobilofoons overzichtelijk te beheren met behulp van meldkamersoftware. U ziet bijvoorbeeld op een kaart iedere werknemer zich bevindt, bekijkt wat de status van de portofoon is en u kunt op de mobilofoon zelf diverse functies en alarmeringen instellen.<\/p>\n<h2>Ingebouwde camera<\/h2>\n<p>In sommige gevallen is alleen spraakcommunicatie niet voldoende. Daarom is de Telo PTT M5 uitgerust met een ingebouwde Full HD 2MP camera.\u00a0 Zo kunt u foto&#8217;s en video&#8217;s maken die u vervolgens eenvoudig kunt delen met uw collega&#8217;s[\/vc_column_text][vc_column_text text_larger=&#8221;no&#8221;]<\/p>\n<h2>Belangrijkste kenmerken:<\/h2>\n<p>[\/vc_column_text][vc_row_inner][vc_column_inner width=&#8221;1\/2&#8243;]\n\t\t<div class=\"woodmart-list color-scheme-dark woodmart-text-size-medium woodmart-list-type-icon woodmart-list-style-rounded woodmart-list-shape-icon \" id=\"wd-5de64d6ed723f\">\n\t\t\t<ul>\n\t\t\t\t\t\t\t\t\t\t\t\t\t\t<li>\n\t\t\t\t\t\t\t\t\t\t\t\t\t<div class=\"list-icon fa fa-check-circle\"><\/div>\n\t\t\t\t\t\t\t\t\t\t\t\t<span class=\"list-content\">Android 7.0<\/span>\n\t\t\t\t\t<\/li>\n\t\t\t\t\t\t\t\t\t\t\t\t\t\t<li>\n\t\t\t\t\t\t\t\t\t\t\t\t\t<div class=\"list-icon fa fa-check-circle\"><\/div>\n\t\t\t\t\t\t\t\t\t\t\t\t<span class=\"list-content\">Communiceren via 3G en 4G<\/span>\n\t\t\t\t\t<\/li>\n\t\t\t\t\t\t\t\t\t\t\t\t\t\t<li>\n\t\t\t\t\t\t\t\t\t\t\t\t\t<div class=\"list-icon fa fa-check-circle\"><\/div>\n\t\t\t\t\t\t\t\t\t\t\t\t<span class=\"list-content\">IP54<\/span>\n\t\t\t\t\t<\/li>\n\t\t\t\t\t\t\t\t\t\t\t\t\t\t<li>\n\t\t\t\t\t\t\t\t\t\t\t\t\t<div class=\"list-icon fa fa-check-circle\"><\/div>\n\t\t\t\t\t\t\t\t\t\t\t\t<span class=\"list-content\">Bluetooth 4.0<\/span>\n\t\t\t\t\t<\/li>\n\t\t\t\t\t\t\t\t\t\t\t\t\t\t<li>\n\t\t\t\t\t\t\t\t\t\t\t\t\t<div class=\"list-icon fa fa-check-circle\"><\/div>\n\t\t\t\t\t\t\t\t\t\t\t\t<span class=\"list-content\">WiFi, GPS, GLONASS en AGPS<\/span>\n\t\t\t\t\t<\/li>\n\t\t\t\t\t\t\t<\/ul>\n\t\t\t\t\t<\/div>\n\t\t\n\t\t[\/vc_column_inner][vc_column_inner width=&#8221;1\/2&#8243;]\n\t\t<div class=\"woodmart-list color-scheme-dark woodmart-text-size-medium woodmart-list-type-icon woodmart-list-style-rounded woodmart-list-shape-icon \" id=\"wd-5de64a67c1c90\">\n\t\t\t<ul>\n\t\t\t\t\t\t\t\t\t\t\t\t\t\t<li>\n\t\t\t\t\t\t\t\t\t\t\t\t\t<div class=\"list-icon fa fa-check-circle\"><\/div>\n\t\t\t\t\t\t\t\t\t\t\t\t<span class=\"list-content\">4 inch IPS touchscreen\n<\/span>\n\t\t\t\t\t<\/li>\n\t\t\t\t\t\t\t\t\t\t\t\t\t\t<li>\n\t\t\t\t\t\t\t\t\t\t\t\t\t<div class=\"list-icon fa fa-check-circle\"><\/div>\n\t\t\t\t\t\t\t\t\t\t\t\t<span class=\"list-content\">Heldere audio en duidelijke spraakoverdracht<\/span>\n\t\t\t\t\t<\/li>\n\t\t\t\t\t\t\t\t\t\t\t\t\t\t<li>\n\t\t\t\t\t\t\t\t\t\t\t\t\t<div class=\"list-icon fa fa-check-circle\"><\/div>\n\t\t\t\t\t\t\t\t\t\t\t\t<span class=\"list-content\">2MP camera en 2W speaker<\/span>\n\t\t\t\t\t<\/li>\n\t\t\t\t\t\t\t\t\t\t\t\t\t\t<li>\n\t\t\t\t\t\t\t\t\t\t\t\t\t<div class=\"list-icon fa fa-check-circle\"><\/div>\n\t\t\t\t\t\t\t\t\t\t\t\t<span class=\"list-content\">USB 2.0 en RJ45-poor<\/span>\n\t\t\t\t\t<\/li>\n\t\t\t\t\t\t\t<\/ul>\n\t\t\t\t\t<\/div>\n\t\t\n\t\t[\/vc_column_inner][\/vc_row_inner][vc_btn title=&#8221;Voor het juiste advies bel 035 543 07 38&#8243; shape=&#8221;square&#8221; color=&#8221;danger&#8221; i_icon_fontawesome=&#8221;fa fa-phone&#8221; add_icon=&#8221;true&#8221; link=&#8221;url:tel%3A%20%2B31%2035%20543%2007%2038|||&#8221;][\/vc_column][vc_column width=&#8221;1\/3&#8243;][vc_column_text][\/vc_column_text][\/vc_column][\/vc_row][vc_row full_width=&#8221;stretch_row_content_no_spaces&#8221; mobile_bg_img_hidden=&#8221;no&#8221; woodmart_parallax=&#8221;0&#8243; woodmart_gradient_switch=&#8221;no&#8221; row_reverse_mobile=&#8221;0&#8243; row_reverse_tablet=&#8221;0&#8243; woodmart_disable_overflow=&#8221;0&#8243;][vc_column][vc_text_separator title=&#8221;Referenties&#8221;][vc_column_text text_larger=&#8221;no&#8221;]<\/p>\n<h2 style=\"text-align: center;\"><strong>Enkele klanten die gebruikmaken van onze systemen<\/strong><\/h2>\n<p style=\"text-align: center;\">Op de\u00a0pagina <a href=\"https:\/\/vedosign.com\/onze-klanten\/\">onze klanten<\/a>\u00a0van deze website krijgt u een overzicht.\u00a0Wij hopen ook u te mogen verwelkomen als klant!<\/p>\n<p>[\/vc_column_text]<!-- Empty Logos Showcase Container -->[\/vc_column][\/vc_row]<\/p>\n","protected":false},"excerpt":{"rendered":"<p>De TeloPTT M5 mobilofoon\u00a0 is een 4G Android mobilofoon met een helder 4 inch IPS touchscreen en maakt via GSM, 3G, 4G (LTE) of Wi-Fi contact met de server van TeloPTT.<\/p>\n","protected":false},"featured_media":4807,"comment_status":"open","ping_status":"closed","template":"","meta":[],"product_cat":[410],"product_tag":[],"_links":{"self":[{"href":"https:\/\/www.vedomed.nl.gpotoday.nl\/index.php?rest_route=\/wp\/v2\/product\/4757"}],"collection":[{"href":"https:\/\/www.vedomed.nl.gpotoday.nl\/index.php?rest_route=\/wp\/v2\/product"}],"about":[{"href":"https:\/\/www.vedomed.nl.gpotoday.nl\/index.php?rest_route=\/wp\/v2\/types\/product"}],"replies":[{"embeddable":true,"href":"https:\/\/www.vedomed.nl.gpotoday.nl\/index.php?rest_route=%2Fwp%2Fv2%2Fcomments&post=4757"}],"wp:featuredmedia":[{"embeddable":true,"href":"https:\/\/www.vedomed.nl.gpotoday.nl\/index.php?rest_route=\/wp\/v2\/media\/4807"}],"wp:attachment":[{"href":"https:\/\/www.vedomed.nl.gpotoday.nl\/index.php?rest_route=%2Fwp%2Fv2%2Fmedia&parent=4757"}],"wp:term":[{"taxonomy":"product_cat","embeddable":true,"href":"https:\/\/www.vedomed.nl.gpotoday.nl\/index.php?rest_route=%2Fwp%2Fv2%2Fproduct_cat&post=4757"},{"taxonomy":"product_tag","embeddable":true,"href":"https:\/\/www.vedomed.nl.gpotoday.nl\/index.php?rest_route=%2Fwp%2Fv2%2Fproduct_tag&post=4757"}],"curies":[{"name":"wp","href":"https:\/\/api.w.org\/{rel}","templated":true}]}}