{"id":4754,"date":"2020-05-08T15:28:28","date_gmt":"2020-05-08T13:28:28","guid":{"rendered":"https:\/\/www.vedomed.nl.gpotoday.nl\/product\/import-placeholder-for-13000\/"},"modified":"2020-05-08T15:28:40","modified_gmt":"2020-05-08T13:28:40","slug":"teloptt-te390-4g-portofoon","status":"publish","type":"product","link":"https:\/\/www.vedomed.nl.gpotoday.nl\/?product=teloptt-te390-4g-portofoon","title":{"rendered":"TeloPTT TE390 4G portofoon"},"content":{"rendered":"<p>[vc_row content_placement=&#8221;top&#8221;][vc_column width=&#8221;2\/3&#8243; css=&#8221;.vc_custom_1529578725310{margin-right: 5vh !important;}&#8221;][vc_column_text text_larger=&#8221;no&#8221;]<\/p>\n<h2>TeloPTT TE390 4G portofoon<\/h2>\n<p>De TeloPTT Handheld TE390 is een 4G Android portofoon met een klein display en maakt via GSM, 3G, 4G (LTE) of Wi-Fi contact met de server van TeloPTT. U kunt daardoor deze portofoon overal ter wereld gebruiken i.c.m een SIM-kaart van de gewenste provider. Het communicatiesysteem is gebaseerd op IP-technologie en vergunningsvrij.<\/p>\n<p>De TE390 is waterdicht conform IP67 en heeft een zeer hoge audiokwaliteit. De batterijduur van de TE390 is 3600 mah waardoor hij ongeveer 12 uur mee gaat, draait op Android 5.1 en heeft een ingebouwde NFC (Near Field Chip).<\/p>\n<p>Naast de SIM-kaart met een geldig abonnement heeft u nog een <a href=\"https:\/\/vedosign.com\/product\/telo-spraak-en-gps-jaarlicentie-teloptt-te390\/\">licentie<\/a> nodig. De portofoon gebruikt ongeveer 750MB data per maand.[\/vc_column_text][vc_column_text text_larger=&#8221;no&#8221;]<\/p>\n<h2>Push-to-Talk<\/h2>\n<p>Direct communiceren met \u00e9\u00e9n druk op de knop en binnen \u00e9\u00e9n seconde een verbinding met een groep mensen, dat is Push-to-Talk. Een eigenschap die normaal hoort bij portofoons en mobilofoons die werken op een radiofrequentie. Tegenwoordig kan Push-to-Talk ook over het 3G\/4G netwerk: 4G portofonie (Push to talk Over Cellular genoemd \u2018POC\u2019). 4G Portofonie is een clouddienst van C4IT gekoppeld aan het netwerk van uw mobiele provider. Uw spraakbericht wordt razendsnel omgezet in data en binnen Nederland verstuurd via het mobiele 3G- of 4G-netwerk van uw mobiele provider. Realtime informatie uitwisselen draagt niet alleen bij aan bijvoorbeeld bedrijfs productiviteit en effici\u00ebntie, het vergroot ook de veiligheid van werknemers.<\/p>\n<h2>Werking<\/h2>\n<p>Deze portofoon over GSM oplossing bestaat uit een Android toestel in de vorm van een portofoon. U heeft daardoor de grote voordelen van een aparte PTT knop, waterdichtheid, robuustheid en de mogelijkheid om oortjes aan te sluiten. De traditionele telefoonfuncties vervallen zodat het niet mogelijk is om per ongeluk de applicatie te sluiten. Dit komt de betrouwbaarheid ten goede.<\/p>\n<h2>Helder display<\/h2>\n<p>Aan de bovenzijde van de Telo TE390 zit een helder OLED scherm met o.a. real-time informatie over uw contacten. Zo kunt u gemakkelijk de juiste groep of contactpersoon selecteren en direct zien of deze bereikbaar is. Bovendien ondersteunt de Telo TE390 GPS, zodat u via de software de locatie van de smartphone kunt achterhalen.<\/p>\n<h2>Toepassingen<\/h2>\n<p>De Telo TE390 is geschikt voor uiteenlopende sectoren, zoals de beveiliging, gezondheidszorg en logistiek. De 4G portofoon is uitgerust met een robuuste IP67-gecertificeerde behuizing die het toestel stof-, water- en valbestendig (tot 1,5m) maken. De meegeleverde accu van 3600 mAh gaat urenlang mee en is op te laden via USB 2.0.[\/vc_column_text][vc_column_text text_larger=&#8221;no&#8221;]<\/p>\n<h2>Belangrijkste kenmerken:<\/h2>\n<p>[\/vc_column_text][vc_row_inner][vc_column_inner width=&#8221;1\/2&#8243;]\n\t\t<div class=\"woodmart-list color-scheme-dark woodmart-text-size-medium woodmart-list-type-icon woodmart-list-style-rounded woodmart-list-shape-icon \" id=\"wd-5dcd071649007\">\n\t\t\t<ul>\n\t\t\t\t\t\t\t\t\t\t\t\t\t\t<li>\n\t\t\t\t\t\t\t\t\t\t\t\t\t<div class=\"list-icon fa fa-check-circle\"><\/div>\n\t\t\t\t\t\t\t\t\t\t\t\t<span class=\"list-content\">Android 5.1<\/span>\n\t\t\t\t\t<\/li>\n\t\t\t\t\t\t\t\t\t\t\t\t\t\t<li>\n\t\t\t\t\t\t\t\t\t\t\t\t\t<div class=\"list-icon fa fa-check-circle\"><\/div>\n\t\t\t\t\t\t\t\t\t\t\t\t<span class=\"list-content\">Communiceren via 3G en 4G<\/span>\n\t\t\t\t\t<\/li>\n\t\t\t\t\t\t\t\t\t\t\t\t\t\t<li>\n\t\t\t\t\t\t\t\t\t\t\t\t\t<div class=\"list-icon fa fa-check-circle\"><\/div>\n\t\t\t\t\t\t\t\t\t\t\t\t<span class=\"list-content\">IP67<\/span>\n\t\t\t\t\t<\/li>\n\t\t\t\t\t\t\t\t\t\t\t\t\t\t<li>\n\t\t\t\t\t\t\t\t\t\t\t\t\t<div class=\"list-icon fa fa-check-circle\"><\/div>\n\t\t\t\t\t\t\t\t\t\t\t\t<span class=\"list-content\">Valbestendig tot 1,8 meter<\/span>\n\t\t\t\t\t<\/li>\n\t\t\t\t\t\t\t\t\t\t\t\t\t\t<li>\n\t\t\t\t\t\t\t\t\t\t\t\t\t<div class=\"list-icon fa fa-check-circle\"><\/div>\n\t\t\t\t\t\t\t\t\t\t\t\t<span class=\"list-content\">Bluetooth, WiFi, NFC en GPS<\/span>\n\t\t\t\t\t<\/li>\n\t\t\t\t\t\t\t<\/ul>\n\t\t\t\t\t<\/div>\n\t\t\n\t\t[\/vc_column_inner][vc_column_inner width=&#8221;1\/2&#8243;]\n\t\t<div class=\"woodmart-list color-scheme-dark woodmart-text-size-medium woodmart-list-type-icon woodmart-list-style-rounded woodmart-list-shape-icon \" id=\"wd-5dcbe05920d0d\">\n\t\t\t<ul>\n\t\t\t\t\t\t\t\t\t\t\t\t\t\t<li>\n\t\t\t\t\t\t\t\t\t\t\t\t\t<div class=\"list-icon fa fa-check-circle\"><\/div>\n\t\t\t\t\t\t\t\t\t\t\t\t<span class=\"list-content\">OLED display\n<\/span>\n\t\t\t\t\t<\/li>\n\t\t\t\t\t\t\t\t\t\t\t\t\t\t<li>\n\t\t\t\t\t\t\t\t\t\t\t\t\t<div class=\"list-icon fa fa-check-circle\"><\/div>\n\t\t\t\t\t\t\t\t\t\t\t\t<span class=\"list-content\">Heldere audio, geschikt voor rumoerige omgevingen<\/span>\n\t\t\t\t\t<\/li>\n\t\t\t\t\t\t\t\t\t\t\t\t\t\t<li>\n\t\t\t\t\t\t\t\t\t\t\t\t\t<div class=\"list-icon fa fa-check-circle\"><\/div>\n\t\t\t\t\t\t\t\t\t\t\t\t<span class=\"list-content\">3600 mAh accu<\/span>\n\t\t\t\t\t<\/li>\n\t\t\t\t\t\t\t\t\t\t\t\t\t\t<li>\n\t\t\t\t\t\t\t\t\t\t\t\t\t<div class=\"list-icon fa fa-check-circle\"><\/div>\n\t\t\t\t\t\t\t\t\t\t\t\t<span class=\"list-content\">Opladen via USB<\/span>\n\t\t\t\t\t<\/li>\n\t\t\t\t\t\t\t\t\t\t\t\t\t\t<li>\n\t\t\t\t\t\t\t\t\t\t\t\t\t<div class=\"list-icon fa fa-check-circle\"><\/div>\n\t\t\t\t\t\t\t\t\t\t\t\t<span class=\"list-content\">Riemclip<\/span>\n\t\t\t\t\t<\/li>\n\t\t\t\t\t\t\t<\/ul>\n\t\t\t\t\t<\/div>\n\t\t\n\t\t[\/vc_column_inner][\/vc_row_inner][vc_btn title=&#8221;Voor het juiste advies bel 035 543 07 38&#8243; shape=&#8221;square&#8221; color=&#8221;danger&#8221; i_icon_fontawesome=&#8221;fa fa-phone&#8221; add_icon=&#8221;true&#8221; link=&#8221;url:tel%3A%20%2B31%2035%20543%2007%2038|||&#8221;][\/vc_column][vc_column width=&#8221;1\/3&#8243;][vc_column_text][\/vc_column_text][\/vc_column][\/vc_row][vc_row full_width=&#8221;stretch_row_content_no_spaces&#8221; mobile_bg_img_hidden=&#8221;no&#8221; woodmart_parallax=&#8221;0&#8243; woodmart_gradient_switch=&#8221;no&#8221; row_reverse_mobile=&#8221;0&#8243; row_reverse_tablet=&#8221;0&#8243; woodmart_disable_overflow=&#8221;0&#8243;][vc_column][vc_text_separator title=&#8221;Referenties&#8221;][vc_column_text text_larger=&#8221;no&#8221;]<\/p>\n<h2 style=\"text-align: center;\"><strong>Enkele klanten die gebruikmaken van onze systemen<\/strong><\/h2>\n<p style=\"text-align: center;\">Op de\u00a0pagina <a href=\"https:\/\/vedosign.com\/onze-klanten\/\">onze klanten<\/a>\u00a0van deze website krijgt u een overzicht.\u00a0Wij hopen ook u te mogen verwelkomen als klant!<\/p>\n<p>[\/vc_column_text]<!-- Empty Logos Showcase Container -->[\/vc_column][\/vc_row]<\/p>\n","protected":false},"excerpt":{"rendered":"<p>De TeloPTT Handheld TE390 is een 4G Android portofoon met een klein OLED display en maakt via GSM, 3G, 4G (LTE) of Wi-Fi contact met de server van TeloPTT. U kunt daardoor deze portofoon overal ter wereld gebruiken.<\/p>\n","protected":false},"featured_media":4797,"comment_status":"open","ping_status":"closed","template":"","meta":[],"product_cat":[410],"product_tag":[],"_links":{"self":[{"href":"https:\/\/www.vedomed.nl.gpotoday.nl\/index.php?rest_route=\/wp\/v2\/product\/4754"}],"collection":[{"href":"https:\/\/www.vedomed.nl.gpotoday.nl\/index.php?rest_route=\/wp\/v2\/product"}],"about":[{"href":"https:\/\/www.vedomed.nl.gpotoday.nl\/index.php?rest_route=\/wp\/v2\/types\/product"}],"replies":[{"embeddable":true,"href":"https:\/\/www.vedomed.nl.gpotoday.nl\/index.php?rest_route=%2Fwp%2Fv2%2Fcomments&post=4754"}],"wp:featuredmedia":[{"embeddable":true,"href":"https:\/\/www.vedomed.nl.gpotoday.nl\/index.php?rest_route=\/wp\/v2\/media\/4797"}],"wp:attachment":[{"href":"https:\/\/www.vedomed.nl.gpotoday.nl\/index.php?rest_route=%2Fwp%2Fv2%2Fmedia&parent=4754"}],"wp:term":[{"taxonomy":"product_cat","embeddable":true,"href":"https:\/\/www.vedomed.nl.gpotoday.nl\/index.php?rest_route=%2Fwp%2Fv2%2Fproduct_cat&post=4754"},{"taxonomy":"product_tag","embeddable":true,"href":"https:\/\/www.vedomed.nl.gpotoday.nl\/index.php?rest_route=%2Fwp%2Fv2%2Fproduct_tag&post=4754"}],"curies":[{"name":"wp","href":"https:\/\/api.w.org\/{rel}","templated":true}]}}