{"id":4696,"date":"2020-05-08T15:28:06","date_gmt":"2020-05-08T13:28:06","guid":{"rendered":"https:\/\/www.vedomed.nl.gpotoday.nl\/product\/import-placeholder-for-11609\/"},"modified":"2020-05-10T15:22:29","modified_gmt":"2020-05-10T13:22:29","slug":"4-knops-voetschakelaar-transmitter","status":"publish","type":"product","link":"https:\/\/www.vedomed.nl.gpotoday.nl\/?product=4-knops-voetschakelaar-transmitter","title":{"rendered":"4-Knops voetschakelaar transmitter"},"content":{"rendered":"<p>[vc_row content_placement=&#8221;top&#8221;][vc_column width=&#8221;2\/3&#8243; css=&#8221;.vc_custom_1531834420063{margin-right: 5vh !important;}&#8221;][vc_column_text text_larger=&#8221;no&#8221;]<\/p>\n<h2>\u00a04-Knops voetschakelaar transmitter<\/h2>\n<p>Met deze duurzame waterbestendige (IP53) aluminium transmitter kunt u met uw voet direct \u00e9\u00e9n van de vier voorgeprogrammeerde tekstberichten sturen naar een pager. Door met uw voet \u00e9\u00e9n van de schakelaars te bedienen houdt u uw handen vrij. Deze draadloze transmitter is daardoor zeer geschikt voor bijvoorbeeld tandartspraktijken of in het geval van een noodsituatie kan u discreet direct een alarmmelding geven. Het bereik is tot 500 meter in een open ruimte.<\/p>\n<h4><\/h4>\n<p>[\/vc_column_text][\/vc_column][vc_column width=&#8221;1\/3&#8243; css=&#8221;.vc_custom_1531834435194{padding-top: 0px !important;}&#8221;][vc_column_text][\/vc_column_text][\/vc_column][\/vc_row][vc_row full_width=&#8221;stretch_row_content_no_spaces&#8221; mobile_bg_img_hidden=&#8221;no&#8221; woodmart_parallax=&#8221;0&#8243; woodmart_gradient_switch=&#8221;no&#8221; row_reverse_mobile=&#8221;0&#8243; row_reverse_tablet=&#8221;0&#8243; woodmart_disable_overflow=&#8221;0&#8243;][vc_column][vc_text_separator title=&#8221;Referenties&#8221;][vc_column_text text_larger=&#8221;no&#8221;]<\/p>\n<h2 style=\"text-align: center;\"><strong>Enkele klanten die gebruikmaken van onze systemen<\/strong><\/h2>\n<p style=\"text-align: center;\">Op de\u00a0pagina <a href=\"https:\/\/vedosign.com\/onze-klanten\/\">onze klanten<\/a>\u00a0van deze website krijgt u een overzicht.\u00a0Wij hopen ook u te mogen verwelkomen als klant!<\/p>\n<p>[\/vc_column_text]<!-- Empty Logos Showcase Container -->[\/vc_column][\/vc_row]<\/p>\n","protected":false},"excerpt":{"rendered":"<p>Met deze duurzame waterbestendige (IP53) aluminium transmitter kunt u met uw voet direct \u00e9\u00e9n van de vier voorgeprogrammeerde tekstberichten sturen naar een pager. Door met uw voet \u00e9\u00e9n van de schakelaars te bedienen houdt u uw handen vrij.<\/p>\n<p>&nbsp;<\/p>\n","protected":false},"featured_media":4775,"comment_status":"open","ping_status":"closed","template":"","meta":[],"product_cat":[272,562,444],"product_tag":[],"_links":{"self":[{"href":"https:\/\/www.vedomed.nl.gpotoday.nl\/index.php?rest_route=\/wp\/v2\/product\/4696"}],"collection":[{"href":"https:\/\/www.vedomed.nl.gpotoday.nl\/index.php?rest_route=\/wp\/v2\/product"}],"about":[{"href":"https:\/\/www.vedomed.nl.gpotoday.nl\/index.php?rest_route=\/wp\/v2\/types\/product"}],"replies":[{"embeddable":true,"href":"https:\/\/www.vedomed.nl.gpotoday.nl\/index.php?rest_route=%2Fwp%2Fv2%2Fcomments&post=4696"}],"wp:featuredmedia":[{"embeddable":true,"href":"https:\/\/www.vedomed.nl.gpotoday.nl\/index.php?rest_route=\/wp\/v2\/media\/4775"}],"wp:attachment":[{"href":"https:\/\/www.vedomed.nl.gpotoday.nl\/index.php?rest_route=%2Fwp%2Fv2%2Fmedia&parent=4696"}],"wp:term":[{"taxonomy":"product_cat","embeddable":true,"href":"https:\/\/www.vedomed.nl.gpotoday.nl\/index.php?rest_route=%2Fwp%2Fv2%2Fproduct_cat&post=4696"},{"taxonomy":"product_tag","embeddable":true,"href":"https:\/\/www.vedomed.nl.gpotoday.nl\/index.php?rest_route=%2Fwp%2Fv2%2Fproduct_tag&post=4696"}],"curies":[{"name":"wp","href":"https:\/\/api.w.org\/{rel}","templated":true}]}}