{"id":4631,"date":"2020-05-08T15:27:44","date_gmt":"2020-05-08T13:27:44","guid":{"rendered":"https:\/\/www.vedomed.nl.gpotoday.nl\/product\/import-placeholder-for-10136\/"},"modified":"2020-05-08T15:28:12","modified_gmt":"2020-05-08T13:28:12","slug":"compleet-iq-c-alpha-oproepsysteem-met-30-iq-colour-pagers","status":"publish","type":"product","link":"https:\/\/www.vedomed.nl.gpotoday.nl\/?product=compleet-iq-c-alpha-oproepsysteem-met-30-iq-colour-pagers","title":{"rendered":"Compleet IQ-C ALPHA oproepsysteem met 30 IQ colour pagers"},"content":{"rendered":"<p>[vc_row content_placement=&#8221;top&#8221;][vc_column width=&#8221;2\/3&#8243; css=&#8221;.vc_custom_1529494690206{margin-right: 5vh !important;}&#8221;][vc_column_text text_larger=&#8221;no&#8221;]<\/p>\n<h2>Voor elke klant een passend systeem<\/h2>\n<p>Met dit oproepsysteem kunt u tekstberichten versturen naar personen. Het is van belang dat er snel en duidelijk gecommuniceerd wordt met de juiste personen. In het oproepsysteem kunt u tien default tekstberichten of grafische beelden vastleggen.<\/p>\n<p>Dit systeem is u voor veel toepassingen in te zetten. Zoals het oproepen van chauffeurs, pati\u00ebnten of BHV. Tevens kunt u uw pagers in groepen indelen. Bijvoorbeeld worden erbij EHBO oproepen slechts 2 medewerkers opgeroepen en bij brand weer alle medewerkers. Met een toetsenbord kunt u zelf berichten ingeven en aangeven naar wie (naar groepen of allemaal) de berichten worden verstuurt. Het systeem kunt u uitbreiden met noodknoppen (bijv. paddenstoelen) die de oproep buiten de centrale om direct naar de pagers verstuurd met ingesloten locatieaanduiding. Het systeem kan aan de BMC (brandmeldcentrale) worden gekoppeld d.m.v ESPA 4.4.4 of dry contact.<\/p>\n<h4>Netwerk transmitter I-Station<\/h4>\n<p>Deze netwerk transmitter I-Station kan alle HME pagers op deze website aansturen via uw LAN netwerk. De transmitter is bedoelt om bijvoorbeeld vanuit een kassa of keukenscherm direct coasters of IQ pagers te activeren, tekstberichten vanuit uw eigen programma invoeren en verzenden naar diverse tekstpagers is natuurlijk ook mogelijk. In de logistieke branche wordt deze toepassing veel gebruikt voor het oproepen van chauffeurs en in de zorg voor pati\u00ebnten op te roepen. Voor grote afstanden kunnen meerdere I-Stations via multicast IP verbinding berichten over het netwerk verzenden. In dit systeem wordt de I-Station transmitter geleverd met toetsenbord.<\/p>\n<h4>IQ-C Colour ALPHA pager<\/h4>\n<p>De IQ-C pager heeft een Full colour TFT display. Er zijn meerdere groepsindelingen mogelijk, denk hierbij aan verschillende afdelingen of groepen personen.\u00a0 Wanneer de oproep wordt ontvangen, geeft de tekstpager een licht-, tril- en geluidssignaal. Meerdere ontvangen berichten worden opgeslagen en kunnen op volgorde worden terug gelezen.<\/p>\n<h4>Oplaadstation IQ-C Colour ALPHA pagers 30 posities<\/h4>\n<p>Oplaadblok voor 30 IQ-C Colour ALPHA pagers. Om de pagers op te laden worden deze in het laadstation gezet. De pagers zijn binnen vier uur opgeladen. Het laadstation kan maximaal 30 pagers tegelijk opladen. Geleverd met adapter en netsnoer. Oplaadstations zijn koppelbaar tot maximaal vier laadstations per voeding en een extra laadstation kan met een doorluskabel worden bevestigd.[\/vc_column_text][vc_column_text text_larger=&#8221;no&#8221;]<\/p>\n<h4>Voordelen oproepsysteem:<\/h4>\n<p>[\/vc_column_text][vc_row_inner][vc_column_inner width=&#8221;1\/2&#8243;]\n\t\t<div class=\"woodmart-list color-scheme-dark woodmart-text-size-medium woodmart-list-type-icon woodmart-list-style-rounded woodmart-list-shape-icon \" id=\"wd-5cadc2a091a5c\">\n\t\t\t<ul>\n\t\t\t\t\t\t\t\t\t\t\t\t\t\t<li>\n\t\t\t\t\t\t\t\t\t\t\t\t\t<div class=\"list-icon fa fa-check-circle\"><\/div>\n\t\t\t\t\t\t\t\t\t\t\t\t<span class=\"list-content\">Discreet oproepen<\/span>\n\t\t\t\t\t<\/li>\n\t\t\t\t\t\t\t\t\t\t\t\t\t\t<li>\n\t\t\t\t\t\t\t\t\t\t\t\t\t<div class=\"list-icon fa fa-check-circle\"><\/div>\n\t\t\t\t\t\t\t\t\t\t\t\t<span class=\"list-content\">Geen speaker omroepen meer<\/span>\n\t\t\t\t\t<\/li>\n\t\t\t\t\t\t\t\t\t\t\t\t\t\t<li>\n\t\t\t\t\t\t\t\t\t\t\t\t\t<div class=\"list-icon fa fa-check-circle\"><\/div>\n\t\t\t\t\t\t\t\t\t\t\t\t<span class=\"list-content\">Tekstboodschap<\/span>\n\t\t\t\t\t<\/li>\n\t\t\t\t\t\t\t\t\t\t\t\t\t\t<li>\n\t\t\t\t\t\t\t\t\t\t\t\t\t<div class=\"list-icon fa fa-check-circle\"><\/div>\n\t\t\t\t\t\t\t\t\t\t\t\t<span class=\"list-content\">Verhoogt veiligheid<\/span>\n\t\t\t\t\t<\/li>\n\t\t\t\t\t\t\t<\/ul>\n\t\t\t\t\t<\/div>\n\t\t\n\t\t[\/vc_column_inner][vc_column_inner width=&#8221;1\/2&#8243;]\n\t\t<div class=\"woodmart-list color-scheme-dark woodmart-text-size-medium woodmart-list-type-icon woodmart-list-style-rounded woodmart-list-shape-icon \" id=\"wd-5cadc2c40c235\">\n\t\t\t<ul>\n\t\t\t\t\t\t\t\t\t\t\t\t\t\t<li>\n\t\t\t\t\t\t\t\t\t\t\t\t\t<div class=\"list-icon fa fa-check-circle\"><\/div>\n\t\t\t\t\t\t\t\t\t\t\t\t<span class=\"list-content\">Stand alone systeem<\/span>\n\t\t\t\t\t<\/li>\n\t\t\t\t\t\t\t\t\t\t\t\t\t\t<li>\n\t\t\t\t\t\t\t\t\t\t\t\t\t<div class=\"list-icon fa fa-check-circle\"><\/div>\n\t\t\t\t\t\t\t\t\t\t\t\t<span class=\"list-content\">Doelgericht oproepen<\/span>\n\t\t\t\t\t<\/li>\n\t\t\t\t\t\t\t\t\t\t\t\t\t\t<li>\n\t\t\t\t\t\t\t\t\t\t\t\t\t<div class=\"list-icon fa fa-check-circle\"><\/div>\n\t\t\t\t\t\t\t\t\t\t\t\t<span class=\"list-content\">Rust uitstraling<\/span>\n\t\t\t\t\t<\/li>\n\t\t\t\t\t\t\t\t\t\t\t\t\t\t<li>\n\t\t\t\t\t\t\t\t\t\t\t\t\t<div class=\"list-icon fa fa-check-circle\"><\/div>\n\t\t\t\t\t\t\t\t\t\t\t\t<span class=\"list-content\">Lagere werkdruk<\/span>\n\t\t\t\t\t<\/li>\n\t\t\t\t\t\t\t<\/ul>\n\t\t\t\t\t<\/div>\n\t\t\n\t\t[\/vc_column_inner][\/vc_row_inner][vc_btn title=&#8221;Voor het juiste advies bel 035 543 07 38&#8243; shape=&#8221;square&#8221; color=&#8221;danger&#8221; i_icon_fontawesome=&#8221;fa fa-phone&#8221; add_icon=&#8221;true&#8221; link=&#8221;url:tel%3A%20%2B31%2035%20543%2007%2038|||&#8221;][\/vc_column][vc_column width=&#8221;1\/3&#8243; css=&#8221;.vc_custom_1530608899926{padding-top: 0px !important;}&#8221;][vc_column_text][\/vc_column_text][\/vc_column][\/vc_row][vc_row full_width=&#8221;stretch_row_content_no_spaces&#8221; mobile_bg_img_hidden=&#8221;no&#8221; woodmart_parallax=&#8221;0&#8243; woodmart_gradient_switch=&#8221;no&#8221; row_reverse_mobile=&#8221;0&#8243; row_reverse_tablet=&#8221;0&#8243; woodmart_disable_overflow=&#8221;0&#8243;][vc_column][vc_text_separator title=&#8221;Referenties&#8221;][vc_column_text text_larger=&#8221;no&#8221;]<\/p>\n<h2 style=\"text-align: center;\"><strong>Enkele klanten die gebruikmaken van onze systemen<\/strong><\/h2>\n<p style=\"text-align: center;\">Op de\u00a0pagina <a href=\"https:\/\/vedosign.com\/onze-klanten\/\">onze klanten<\/a>\u00a0van deze website krijgt u een overzicht.\u00a0Wij hopen ook u te mogen verwelkomen als klant!<\/p>\n<p>[\/vc_column_text]<!-- Empty Logos Showcase Container -->[\/vc_column][\/vc_row][vc_row][vc_column][\/vc_column][\/vc_row]<\/p>\n","protected":false},"excerpt":{"rendered":"<p>Compleet IQ-C ALPHA oproepsysteem met 30 IQ colour pagers. Tien default berichten of grafische beelden met \u00e9\u00e9n handeling (knop) of via het toetsenbord versturen naar naar \u00e9\u00e9n, alle personen of een bepaalde groep personen.<\/p>\n","protected":false},"featured_media":4708,"comment_status":"open","ping_status":"closed","template":"","meta":[],"product_cat":[81],"product_tag":[],"_links":{"self":[{"href":"https:\/\/www.vedomed.nl.gpotoday.nl\/index.php?rest_route=\/wp\/v2\/product\/4631"}],"collection":[{"href":"https:\/\/www.vedomed.nl.gpotoday.nl\/index.php?rest_route=\/wp\/v2\/product"}],"about":[{"href":"https:\/\/www.vedomed.nl.gpotoday.nl\/index.php?rest_route=\/wp\/v2\/types\/product"}],"replies":[{"embeddable":true,"href":"https:\/\/www.vedomed.nl.gpotoday.nl\/index.php?rest_route=%2Fwp%2Fv2%2Fcomments&post=4631"}],"wp:featuredmedia":[{"embeddable":true,"href":"https:\/\/www.vedomed.nl.gpotoday.nl\/index.php?rest_route=\/wp\/v2\/media\/4708"}],"wp:attachment":[{"href":"https:\/\/www.vedomed.nl.gpotoday.nl\/index.php?rest_route=%2Fwp%2Fv2%2Fmedia&parent=4631"}],"wp:term":[{"taxonomy":"product_cat","embeddable":true,"href":"https:\/\/www.vedomed.nl.gpotoday.nl\/index.php?rest_route=%2Fwp%2Fv2%2Fproduct_cat&post=4631"},{"taxonomy":"product_tag","embeddable":true,"href":"https:\/\/www.vedomed.nl.gpotoday.nl\/index.php?rest_route=%2Fwp%2Fv2%2Fproduct_tag&post=4631"}],"curies":[{"name":"wp","href":"https:\/\/api.w.org\/{rel}","templated":true}]}}